{"id":17093,"date":"2024-06-12T08:13:52","date_gmt":"2024-06-12T08:13:52","guid":{"rendered":"http:\/\/livewebsol.com\/site-demos\/smile\/?post_type=product&#038;p=17093"},"modified":"2024-06-12T08:13:52","modified_gmt":"2024-06-12T08:13:52","slug":"new-spine-caspar-cervical-retractor-set-surgical-orthopedic-instruments-2","status":"publish","type":"product","link":"https:\/\/smiledentaluk.co.uk\/index.php\/product\/new-spine-caspar-cervical-retractor-set-surgical-orthopedic-instruments-2\/","title":{"rendered":"NEW Spine Caspar Cervical Retractor Set Surgical Orthopedic InstrumentS"},"content":{"rendered":"<p><strong><u>Sp\u00e9cifications techniques<\/u><\/strong><\/p>\n<p><strong>Mat\u00e9riel:<\/strong>\u00a0Un acier inoxydable de qualit\u00e9<br \/>\n<strong>Proc\u00e9dure de pr\u00e9vention de la rouille\u00a0:\u00a0<\/strong>Passiv\u00e9<br \/>\n<strong>Nettoyage par ultrasons\u00a0:\u00a0<\/strong>Oui<br \/>\n<strong>Lubrifier:<\/strong>\u00a0Oui<br \/>\n<strong>Brillant:\u00a0<\/strong>Non (mais possible)<br \/>\n<strong>Sabl\u00e9\u00a0:\u00a0<\/strong>Non (mais possible)<br \/>\n<strong>Dull-Poli :<\/strong>\u00a0Oui ( allemand terne )<br \/>\n<strong>TC\u00a0:<\/strong>\u00a0Non<br \/>\n<strong>Plaqu\u00e9 or\u00a0:<\/strong>\u00a0DEMI POIGNEE<br \/>\n<strong>Usage:<\/strong>\u00a0Main gauche ou main droite<br \/>\n<strong>Tests effectu\u00e9s\u00a0:\u00a0<\/strong>Test d&#8217;\u00e9bullition, test de performance, test de forme<br \/>\n<strong>Emballage:<\/strong>\u00a0Emball\u00e9 individuellement<br \/>\n<strong>CQ r\u00e9ussi\u00a0:\u00a0<\/strong>Oui<\/p>\n","protected":false},"excerpt":{"rendered":"<p>Sp\u00e9cifications techniques Mat\u00e9riel:\u00a0Un acier inoxydable de qualit\u00e9 Proc\u00e9dure de pr\u00e9vention de la rouille\u00a0:\u00a0Passiv\u00e9 Nettoyage par ultrasons\u00a0:\u00a0Oui Lubrifier:\u00a0Oui Brillant:\u00a0Non (mais possible)<\/p>\n","protected":false},"featured_media":17099,"comment_status":"open","ping_status":"closed","template":"","meta":[],"product_cat":[71],"product_tag":[],"class_list":{"0":"post-17093","1":"product","2":"type-product","3":"status-publish","4":"has-post-thumbnail","6":"product_cat-handpieces-instruments","8":"first","9":"instock","10":"shipping-taxable","11":"purchasable","12":"product-type-simple"},"_links":{"self":[{"href":"https:\/\/smiledentaluk.co.uk\/index.php\/wp-json\/wp\/v2\/product\/17093","targetHints":{"allow":["GET"]}}],"collection":[{"href":"https:\/\/smiledentaluk.co.uk\/index.php\/wp-json\/wp\/v2\/product"}],"about":[{"href":"https:\/\/smiledentaluk.co.uk\/index.php\/wp-json\/wp\/v2\/types\/product"}],"replies":[{"embeddable":true,"href":"https:\/\/smiledentaluk.co.uk\/index.php\/wp-json\/wp\/v2\/comments?post=17093"}],"version-history":[{"count":1,"href":"https:\/\/smiledentaluk.co.uk\/index.php\/wp-json\/wp\/v2\/product\/17093\/revisions"}],"predecessor-version":[{"id":17102,"href":"https:\/\/smiledentaluk.co.uk\/index.php\/wp-json\/wp\/v2\/product\/17093\/revisions\/17102"}],"wp:featuredmedia":[{"embeddable":true,"href":"https:\/\/smiledentaluk.co.uk\/index.php\/wp-json\/wp\/v2\/media\/17099"}],"wp:attachment":[{"href":"https:\/\/smiledentaluk.co.uk\/index.php\/wp-json\/wp\/v2\/media?parent=17093"}],"wp:term":[{"taxonomy":"product_cat","embeddable":true,"href":"https:\/\/smiledentaluk.co.uk\/index.php\/wp-json\/wp\/v2\/product_cat?post=17093"},{"taxonomy":"product_tag","embeddable":true,"href":"https:\/\/smiledentaluk.co.uk\/index.php\/wp-json\/wp\/v2\/product_tag?post=17093"}],"curies":[{"name":"wp","href":"https:\/\/api.w.org\/{rel}","templated":true}]}}